{"id":45,"date":"2017-08-24T10:32:46","date_gmt":"2017-08-24T08:32:46","guid":{"rendered":"http:\/\/www.fiba-wurzen.de\/wp\/wordpress\/?page_id=45"},"modified":"2020-10-16T09:20:47","modified_gmt":"2020-10-16T07:20:47","slug":"24h-notdienst","status":"publish","type":"page","link":"https:\/\/www.fiba-wurzen.de\/?page_id=45","title":{"rendered":"24h Notdienst"},"content":{"rendered":"<h2><img loading=\"lazy\" decoding=\"async\" class=\"alignnone wp-image-188 size-full\" src=\"http:\/\/www.fiba-wurzen.de\/wp-content\/uploads\/2020\/10\/notdienst.png\" alt=\"\" width=\"180\" height=\"191\" \/><\/h2>\n<h2>7 Tage 24 Stunden f\u00fcr Sie da!<\/h2>\n<div class=\"articletext\">\n<p align=\"left\">Unser Serviceteam ist rund um die Uhr\u00a0f\u00fcr Sie erreichbar.<\/p>\n<p align=\"left\">Hierzu geh\u00f6ren zum Beispiel:<\/p>\n<ul>\n<li>\n<h3 align=\"left\"><span style=\"font-size: medium;\">Rohrbr\u00fcche bzw. gr\u00f6\u00dfere Risse an Wasser- u. Abwasserleitungen<\/span><\/h3>\n<\/li>\n<li>\n<h3 align=\"left\"><span style=\"font-size: medium;\">Totalausfall der Heizanlage<\/span><\/h3>\n<\/li>\n<li>\n<h3 align=\"left\"><span style=\"font-size: medium;\">Gasgeruch<\/span><\/h3>\n<\/li>\n<li>\n<h3 align=\"left\"><span style=\"font-size: medium;\">Verstopfung in der Hausinstallation<\/span><\/h3>\n<\/li>\n<\/ul>\n<p align=\"left\">Im Havariefall leiten wir umgehend Sofortma\u00dfnahmen ein, um weiteren Schaden abzuwenden und koordini<a name=\"_GoBack\"><\/a>eren ggf. Folgearbeiten.<\/p>\n<p align=\"left\"><b>Wir stehen unserer bestehenden Kundschaft 24 Stunden ganzj\u00e4hrig zur Verf\u00fcgung.<\/b><\/p>\n<p align=\"left\">Sie erreichen immer einen pers\u00f6nlichen Ansprechpartner und kein Sprachdialogsystem.<\/p>\n<\/div>\n","protected":false},"excerpt":{"rendered":"<p>7 Tage 24 Stunden f\u00fcr Sie da! Unser Serviceteam ist rund um die Uhr\u00a0f\u00fcr Sie erreichbar. Hierzu geh\u00f6ren zum Beispiel: Rohrbr\u00fcche bzw. gr\u00f6\u00dfere Risse an Wasser- u. Abwasserleitungen Totalausfall der Heizanlage Gasgeruch Verstopfung in der Hausinstallation Im Havariefall leiten wir umgehend Sofortma\u00dfnahmen ein, um weiteren Schaden abzuwenden und koordinieren ggf. Folgearbeiten. Wir stehen unserer bestehenden [&hellip;]<\/p>\n","protected":false},"author":1,"featured_media":0,"parent":0,"menu_order":0,"comment_status":"closed","ping_status":"closed","template":"","meta":{"footnotes":""},"class_list":["post-45","page","type-page","status-publish","hentry"],"_links":{"self":[{"href":"https:\/\/www.fiba-wurzen.de\/index.php?rest_route=\/wp\/v2\/pages\/45"}],"collection":[{"href":"https:\/\/www.fiba-wurzen.de\/index.php?rest_route=\/wp\/v2\/pages"}],"about":[{"href":"https:\/\/www.fiba-wurzen.de\/index.php?rest_route=\/wp\/v2\/types\/page"}],"author":[{"embeddable":true,"href":"https:\/\/www.fiba-wurzen.de\/index.php?rest_route=\/wp\/v2\/users\/1"}],"replies":[{"embeddable":true,"href":"https:\/\/www.fiba-wurzen.de\/index.php?rest_route=%2Fwp%2Fv2%2Fcomments&post=45"}],"version-history":[{"count":7,"href":"https:\/\/www.fiba-wurzen.de\/index.php?rest_route=\/wp\/v2\/pages\/45\/revisions"}],"predecessor-version":[{"id":189,"href":"https:\/\/www.fiba-wurzen.de\/index.php?rest_route=\/wp\/v2\/pages\/45\/revisions\/189"}],"wp:attachment":[{"href":"https:\/\/www.fiba-wurzen.de\/index.php?rest_route=%2Fwp%2Fv2%2Fmedia&parent=45"}],"curies":[{"name":"wp","href":"https:\/\/api.w.org\/{rel}","templated":true}]}}