{"id":37,"date":"2017-08-24T10:28:04","date_gmt":"2017-08-24T08:28:04","guid":{"rendered":"http:\/\/www.fiba-wurzen.de\/wp\/wordpress\/?page_id=37"},"modified":"2019-10-18T11:37:41","modified_gmt":"2019-10-18T09:37:41","slug":"waermepumpen","status":"publish","type":"page","link":"https:\/\/www.fiba-wurzen.de\/?page_id=37","title":{"rendered":"W\u00e4rmepumpen"},"content":{"rendered":"<p><strong>Tauschen Sie Ihren \u00d6l- oder Gaskessel aus und setzen Sie auf die Energiequelle Erde, Luft, Wasser !<br \/>\n<\/strong><br \/>\nDer \u00d6lpreis betrug 1990 0,38 DM je Liter und steht heute bei rund 0,68 \u20ac je Liter &#8211; dies entspricht einer Steigerung auf 350 %. Im Jahr 2020 wird der Preis wohl bei weit mehr als 2 \u20ac je Liter liegen. Da der Gaspreis an den \u00d6lpreis gebunden ist, wird es bei ihm \u00e4hnlich aussehen.<\/p>\n<p>Mit einer W\u00e4rmepumpe benutzen Sie kostenlose Energie und k\u00f6nnen Ihr Haus kosteng\u00fcnstig beheizen.<\/p>\n<p><img loading=\"lazy\" decoding=\"async\" class=\"alignnone size-medium wp-image-170\" src=\"http:\/\/www.fiba-wurzen.de\/wp-content\/uploads\/2019\/10\/bild_heizung-268x300.jpg\" alt=\"\" width=\"268\" height=\"300\" srcset=\"https:\/\/www.fiba-wurzen.de\/wp-content\/uploads\/2019\/10\/bild_heizung-268x300.jpg 268w, https:\/\/www.fiba-wurzen.de\/wp-content\/uploads\/2019\/10\/bild_heizung.jpg 357w\" sizes=\"(max-width: 268px) 100vw, 268px\" \/><\/p>\n","protected":false},"excerpt":{"rendered":"<p>Tauschen Sie Ihren \u00d6l- oder Gaskessel aus und setzen Sie auf die Energiequelle Erde, Luft, Wasser ! Der \u00d6lpreis betrug 1990 0,38 DM je Liter und steht heute bei rund 0,68 \u20ac je Liter &#8211; dies entspricht einer Steigerung auf 350 %. Im Jahr 2020 wird der Preis wohl bei weit mehr als 2 \u20ac [&hellip;]<\/p>\n","protected":false},"author":1,"featured_media":0,"parent":13,"menu_order":3,"comment_status":"closed","ping_status":"closed","template":"","meta":{"footnotes":""},"class_list":["post-37","page","type-page","status-publish","hentry"],"_links":{"self":[{"href":"https:\/\/www.fiba-wurzen.de\/index.php?rest_route=\/wp\/v2\/pages\/37"}],"collection":[{"href":"https:\/\/www.fiba-wurzen.de\/index.php?rest_route=\/wp\/v2\/pages"}],"about":[{"href":"https:\/\/www.fiba-wurzen.de\/index.php?rest_route=\/wp\/v2\/types\/page"}],"author":[{"embeddable":true,"href":"https:\/\/www.fiba-wurzen.de\/index.php?rest_route=\/wp\/v2\/users\/1"}],"replies":[{"embeddable":true,"href":"https:\/\/www.fiba-wurzen.de\/index.php?rest_route=%2Fwp%2Fv2%2Fcomments&post=37"}],"version-history":[{"count":3,"href":"https:\/\/www.fiba-wurzen.de\/index.php?rest_route=\/wp\/v2\/pages\/37\/revisions"}],"predecessor-version":[{"id":176,"href":"https:\/\/www.fiba-wurzen.de\/index.php?rest_route=\/wp\/v2\/pages\/37\/revisions\/176"}],"up":[{"embeddable":true,"href":"https:\/\/www.fiba-wurzen.de\/index.php?rest_route=\/wp\/v2\/pages\/13"}],"wp:attachment":[{"href":"https:\/\/www.fiba-wurzen.de\/index.php?rest_route=%2Fwp%2Fv2%2Fmedia&parent=37"}],"curies":[{"name":"wp","href":"https:\/\/api.w.org\/{rel}","templated":true}]}}