{"id":21,"date":"2017-08-24T10:07:08","date_gmt":"2017-08-24T08:07:08","guid":{"rendered":"http:\/\/www.fiba-wurzen.de\/wp\/wordpress\/?page_id=21"},"modified":"2019-10-18T11:35:59","modified_gmt":"2019-10-18T09:35:59","slug":"heizung","status":"publish","type":"page","link":"https:\/\/www.fiba-wurzen.de\/?page_id=21","title":{"rendered":"Heizung"},"content":{"rendered":"<div class=\"articlearea\">\n<p><img loading=\"lazy\" decoding=\"async\" class=\" wp-image-170 alignright\" src=\"http:\/\/www.fiba-wurzen.de\/wp-content\/uploads\/2019\/10\/bild_heizung-268x300.jpg\" alt=\"\" width=\"178\" height=\"199\" srcset=\"https:\/\/www.fiba-wurzen.de\/wp-content\/uploads\/2019\/10\/bild_heizung-268x300.jpg 268w, https:\/\/www.fiba-wurzen.de\/wp-content\/uploads\/2019\/10\/bild_heizung.jpg 357w\" sizes=\"(max-width: 178px) 100vw, 178px\" \/><\/p>\n<p>Montage und Reparatur\u00a0von Heizungsanlagen sind neben dem 24h-Service in der Haustechnik\u00a0 f\u00fcr uns eine Selbstverst\u00e4ndlichkeit im Dienst am Kunden.<\/p>\n<p>Unser qualifiziertes Fachpersonal ist immer f\u00fcr Sie da.\u00a0Im NOTFALL sind wir selbstverst\u00e4ndlich auch\u00a0Sonn- oder Feiertags f\u00fcr Sie erreichbar.<img loading=\"lazy\" decoding=\"async\" title=\"\" src=\"http:\/\/www.fiba-wurzen.de\/media\/images\/heizung-03.jpg\" alt=\"\" width=\"691\" height=\"220\" \/>\u00a0<img loading=\"lazy\" decoding=\"async\" class=\"alignnone  wp-image-172\" src=\"http:\/\/www.fiba-wurzen.de\/wp-content\/uploads\/2019\/10\/heizung-300x96.jpg\" alt=\"\" width=\"603\" height=\"193\" srcset=\"https:\/\/www.fiba-wurzen.de\/wp-content\/uploads\/2019\/10\/heizung-300x96.jpg 300w, https:\/\/www.fiba-wurzen.de\/wp-content\/uploads\/2019\/10\/heizung-619x197.jpg 619w, https:\/\/www.fiba-wurzen.de\/wp-content\/uploads\/2019\/10\/heizung.jpg 691w\" sizes=\"(max-width: 603px) 100vw, 603px\" \/><\/p>\n<\/div>\n<div class=\"articlearea\"><\/div>\n","protected":false},"excerpt":{"rendered":"<p>Montage und Reparatur\u00a0von Heizungsanlagen sind neben dem 24h-Service in der Haustechnik\u00a0 f\u00fcr uns eine Selbstverst\u00e4ndlichkeit im Dienst am Kunden. Unser qualifiziertes Fachpersonal ist immer f\u00fcr Sie da.\u00a0Im NOTFALL sind wir selbstverst\u00e4ndlich auch\u00a0Sonn- oder Feiertags f\u00fcr Sie erreichbar.\u00a0<\/p>\n","protected":false},"author":1,"featured_media":0,"parent":13,"menu_order":1,"comment_status":"closed","ping_status":"closed","template":"","meta":{"footnotes":""},"class_list":["post-21","page","type-page","status-publish","hentry"],"_links":{"self":[{"href":"https:\/\/www.fiba-wurzen.de\/index.php?rest_route=\/wp\/v2\/pages\/21"}],"collection":[{"href":"https:\/\/www.fiba-wurzen.de\/index.php?rest_route=\/wp\/v2\/pages"}],"about":[{"href":"https:\/\/www.fiba-wurzen.de\/index.php?rest_route=\/wp\/v2\/types\/page"}],"author":[{"embeddable":true,"href":"https:\/\/www.fiba-wurzen.de\/index.php?rest_route=\/wp\/v2\/users\/1"}],"replies":[{"embeddable":true,"href":"https:\/\/www.fiba-wurzen.de\/index.php?rest_route=%2Fwp%2Fv2%2Fcomments&post=21"}],"version-history":[{"count":8,"href":"https:\/\/www.fiba-wurzen.de\/index.php?rest_route=\/wp\/v2\/pages\/21\/revisions"}],"predecessor-version":[{"id":174,"href":"https:\/\/www.fiba-wurzen.de\/index.php?rest_route=\/wp\/v2\/pages\/21\/revisions\/174"}],"up":[{"embeddable":true,"href":"https:\/\/www.fiba-wurzen.de\/index.php?rest_route=\/wp\/v2\/pages\/13"}],"wp:attachment":[{"href":"https:\/\/www.fiba-wurzen.de\/index.php?rest_route=%2Fwp%2Fv2%2Fmedia&parent=21"}],"curies":[{"name":"wp","href":"https:\/\/api.w.org\/{rel}","templated":true}]}}