{"id":2,"date":"2017-08-24T09:29:11","date_gmt":"2017-08-24T07:29:11","guid":{"rendered":"http:\/\/www.fiba-wurzen.de\/wp\/wordpress\/?page_id=2"},"modified":"2020-10-16T09:12:22","modified_gmt":"2020-10-16T07:12:22","slug":"beispiel-seite","status":"publish","type":"page","link":"https:\/\/www.fiba-wurzen.de\/","title":{"rendered":"Unternehmen"},"content":{"rendered":"<p><strong><span style=\"font-size: medium;\">Planung, Ausf\u00fchrung, Kundendienst. Sowie 24-h-Notdienst f\u00fcr unsere bestehende Kundschaft.<\/span><\/strong><\/p>\n<p><strong><span style=\"font-size: medium;\"><img loading=\"lazy\" decoding=\"async\" class=\"size-medium wp-image-126 alignright\" src=\"http:\/\/www.fiba-wurzen.de\/wp-content\/uploads\/2017\/08\/altes_auto-300x168.jpg\" alt=\"\" width=\"300\" height=\"168\" srcset=\"https:\/\/www.fiba-wurzen.de\/wp-content\/uploads\/2017\/08\/altes_auto-300x168.jpg 300w, https:\/\/www.fiba-wurzen.de\/wp-content\/uploads\/2017\/08\/altes_auto.jpg 312w\" sizes=\"(max-width: 300px) 100vw, 300px\" \/><\/span><\/strong><\/p>\n<p>Als qualit\u00e4tsbewusstes Unternehmen bieten wir das komplette Spektrum in den Bereichen\u00a0Heizung, L\u00fcftung, Sanit\u00e4r.<\/p>\n<p>Dabei setzen wir auf innovative, zukunftssichere Haustechnik.<strong><span style=\"font-size: medium;\"><br \/>\n<\/span><\/strong><\/p>\n<p>Wir arbeiten regional und bieten zus\u00e4tzlich zum Leistungsspektrum einen 24-h-Notdienst f\u00fcr unsere Kundschaft. Rufen Sie uns einfach an, wenn Sie fachm\u00e4nnische und zuverl\u00e4ssige Hilfe brauchen.<\/p>\n<p>FIBA- Sanit\u00e4r Heizung<br \/>\nSteffen Fischer &amp; Sven Bader GbR<br \/>\nDresdener Str. 73a<br \/>\n04808\u00a0Wurzen<br \/>\nSteffen Fischer: 0177 &#8211; 2450722<br \/>\nSven Bader: 0172 &#8211; 9456012<br \/>\nTel.: 03425 &#8211; 8397280<\/p>\n<p dir=\"ltr\" align=\"left\"><a href=\"mailto:info@fiba-wurzen.de\">info@fiba-wurzen.de<\/a><\/p>\n<p dir=\"ltr\" align=\"left\">B\u00fcro-\u00d6ffnungszeiten : Mo bis Fr\u00a0 8-14 Uhr<\/p>\n","protected":false},"excerpt":{"rendered":"<p>Planung, Ausf\u00fchrung, Kundendienst. Sowie 24-h-Notdienst f\u00fcr unsere bestehende Kundschaft. Als qualit\u00e4tsbewusstes Unternehmen bieten wir das komplette Spektrum in den Bereichen\u00a0Heizung, L\u00fcftung, Sanit\u00e4r. Dabei setzen wir auf innovative, zukunftssichere Haustechnik. Wir arbeiten regional und bieten zus\u00e4tzlich zum Leistungsspektrum einen 24-h-Notdienst f\u00fcr unsere Kundschaft. Rufen Sie uns einfach an, wenn Sie fachm\u00e4nnische und zuverl\u00e4ssige Hilfe brauchen. FIBA- [&hellip;]<\/p>\n","protected":false},"author":1,"featured_media":0,"parent":0,"menu_order":1,"comment_status":"closed","ping_status":"open","template":"","meta":{"footnotes":""},"class_list":["post-2","page","type-page","status-publish","hentry"],"_links":{"self":[{"href":"https:\/\/www.fiba-wurzen.de\/index.php?rest_route=\/wp\/v2\/pages\/2"}],"collection":[{"href":"https:\/\/www.fiba-wurzen.de\/index.php?rest_route=\/wp\/v2\/pages"}],"about":[{"href":"https:\/\/www.fiba-wurzen.de\/index.php?rest_route=\/wp\/v2\/types\/page"}],"author":[{"embeddable":true,"href":"https:\/\/www.fiba-wurzen.de\/index.php?rest_route=\/wp\/v2\/users\/1"}],"replies":[{"embeddable":true,"href":"https:\/\/www.fiba-wurzen.de\/index.php?rest_route=%2Fwp%2Fv2%2Fcomments&post=2"}],"version-history":[{"count":12,"href":"https:\/\/www.fiba-wurzen.de\/index.php?rest_route=\/wp\/v2\/pages\/2\/revisions"}],"predecessor-version":[{"id":187,"href":"https:\/\/www.fiba-wurzen.de\/index.php?rest_route=\/wp\/v2\/pages\/2\/revisions\/187"}],"wp:attachment":[{"href":"https:\/\/www.fiba-wurzen.de\/index.php?rest_route=%2Fwp%2Fv2%2Fmedia&parent=2"}],"curies":[{"name":"wp","href":"https:\/\/api.w.org\/{rel}","templated":true}]}}